{"id":1561,"date":"2022-06-15T10:27:26","date_gmt":"2022-06-15T08:27:26","guid":{"rendered":"https:\/\/clone.gimnasticdetarragona.cat\/index.php\/junts-creixem\/"},"modified":"2025-03-21T08:58:13","modified_gmt":"2025-03-21T07:58:13","slug":"nastic-experience","status":"publish","type":"page","link":"https:\/\/gimnasticdetarragona.cat\/es\/nastic-experience\/","title":{"rendered":"N\u00e0stic Experience"},"content":{"rendered":"\t\t<div data-elementor-type=\"wp-page\" data-elementor-id=\"1561\" class=\"elementor elementor-1561 elementor-977\" data-elementor-post-type=\"page\">\n\t\t\t\t\t\t<section class=\"has_eae_slider elementor-section elementor-top-section elementor-element elementor-element-9815d73 elementor-hidden-mobile elementor-section-boxed elementor-section-height-default elementor-section-height-default\" data-eae-slider=\"38585\" data-id=\"9815d73\" data-element_type=\"section\" data-e-type=\"section\">\n\t\t\t\t\t\t<div class=\"elementor-container elementor-column-gap-default\">\n\t\t\t\t\t<div class=\"has_eae_slider elementor-column elementor-col-100 elementor-top-column elementor-element elementor-element-b6fa0f9\" data-eae-slider=\"83751\" data-id=\"b6fa0f9\" data-element_type=\"column\" data-e-type=\"column\">\n\t\t\t<div class=\"elementor-widget-wrap elementor-element-populated\">\n\t\t\t\t\t\t<div class=\"elementor-element elementor-element-fdbe5f1 elementor-widget elementor-widget-spacer\" data-id=\"fdbe5f1\" data-element_type=\"widget\" data-e-type=\"widget\" data-widget_type=\"spacer.default\">\n\t\t\t\t<div class=\"elementor-widget-container\">\n\t\t\t\t\t\t\t<div class=\"elementor-spacer\">\n\t\t\t<div class=\"elementor-spacer-inner\"><\/div>\n\t\t<\/div>\n\t\t\t\t\t\t<\/div>\n\t\t\t\t<\/div>\n\t\t\t\t\t<\/div>\n\t\t<\/div>\n\t\t\t\t\t<\/div>\n\t\t<\/section>\n\t\t\t\t<section class=\"has_eae_slider elementor-section elementor-top-section elementor-element elementor-element-f4b06e9 elementor-section-boxed elementor-section-height-default elementor-section-height-default\" data-eae-slider=\"51052\" data-id=\"f4b06e9\" data-element_type=\"section\" data-e-type=\"section\">\n\t\t\t\t\t\t<div class=\"elementor-container elementor-column-gap-no\">\n\t\t\t\t\t<div class=\"has_eae_slider elementor-column elementor-col-50 elementor-top-column elementor-element elementor-element-f0d8834\" data-eae-slider=\"87397\" data-id=\"f0d8834\" data-element_type=\"column\" data-e-type=\"column\">\n\t\t\t<div class=\"elementor-widget-wrap elementor-element-populated\">\n\t\t\t\t\t\t<div class=\"elementor-element elementor-element-a59ace0 elementor-position-left elementor-vertical-align-bottom elementor-widget elementor-widget-image-box\" data-id=\"a59ace0\" data-element_type=\"widget\" data-e-type=\"widget\" data-widget_type=\"image-box.default\">\n\t\t\t\t<div class=\"elementor-widget-container\">\n\t\t\t\t\t<div class=\"elementor-image-box-wrapper\"><figure class=\"elementor-image-box-img\"><img fetchpriority=\"high\" decoding=\"async\" width=\"662\" height=\"770\" src=\"https:\/\/gimnasticdetarragona.cat\/wp-content\/uploads\/2022\/06\/logo-nastic-vermell.jpg\" class=\"attachment-full size-full wp-image-49\" alt=\"logo-nastic-vermell\" srcset=\"https:\/\/gimnasticdetarragona.cat\/wp-content\/uploads\/2022\/06\/logo-nastic-vermell.jpg 662w, https:\/\/gimnasticdetarragona.cat\/wp-content\/uploads\/2022\/06\/logo-nastic-vermell-258x300.jpg 258w\" sizes=\"(max-width: 662px) 100vw, 662px\" \/><\/figure><div class=\"elementor-image-box-content\"><h3 class=\"elementor-image-box-title\">N\u00c0STIC EXPERIENCE<\/h3><\/div><\/div>\t\t\t\t<\/div>\n\t\t\t\t<\/div>\n\t\t\t\t<div class=\"elementor-element elementor-element-a84687c elementor-widget-divider--view-line elementor-widget elementor-widget-divider\" data-id=\"a84687c\" data-element_type=\"widget\" data-e-type=\"widget\" data-widget_type=\"divider.default\">\n\t\t\t\t<div class=\"elementor-widget-container\">\n\t\t\t\t\t\t\t<div class=\"elementor-divider\">\n\t\t\t<span class=\"elementor-divider-separator\">\n\t\t\t\t\t\t<\/span>\n\t\t<\/div>\n\t\t\t\t\t\t<\/div>\n\t\t\t\t<\/div>\n\t\t\t\t<div class=\"elementor-element elementor-element-0a927e7 elementor-widget-divider--view-line elementor-widget elementor-widget-divider\" data-id=\"0a927e7\" data-element_type=\"widget\" data-e-type=\"widget\" data-widget_type=\"divider.default\">\n\t\t\t\t<div class=\"elementor-widget-container\">\n\t\t\t\t\t\t\t<div class=\"elementor-divider\">\n\t\t\t<span class=\"elementor-divider-separator\">\n\t\t\t\t\t\t<\/span>\n\t\t<\/div>\n\t\t\t\t\t\t<\/div>\n\t\t\t\t<\/div>\n\t\t\t\t<div class=\"elementor-element elementor-element-8acaa05 elementor-widget elementor-widget-spacer\" data-id=\"8acaa05\" data-element_type=\"widget\" data-e-type=\"widget\" data-widget_type=\"spacer.default\">\n\t\t\t\t<div class=\"elementor-widget-container\">\n\t\t\t\t\t\t\t<div class=\"elementor-spacer\">\n\t\t\t<div class=\"elementor-spacer-inner\"><\/div>\n\t\t<\/div>\n\t\t\t\t\t\t<\/div>\n\t\t\t\t<\/div>\n\t\t\t\t<div class=\"elementor-element elementor-element-e895a00 elementor-widget elementor-widget-text-editor\" data-id=\"e895a00\" data-element_type=\"widget\" data-e-type=\"widget\" data-widget_type=\"text-editor.default\">\n\t\t\t\t<div class=\"elementor-widget-container\">\n\t\t\t\t\t\t\t\t\t<p><b>N\u00e0stic Experience<\/b> es el programa social del Gimn\u00e0stic de Tarragona dirigido a entidades, instituciones y organismos del territorio que trabajan para el desarrollo social y cultural y fomentan la cultura del esfuerzo y la superaci\u00f3n. Adem\u00e1s, la voluntad desde el club es acercar a la Marca N\u00e0stic a los colectivos implicados en la vida social, cultural o econ\u00f3mica del territorio. <\/p>\n<p>Este programa se inici\u00f3 en 2014 y se han llevado a cabo diferentes proyectos de responsabilidad social como \u201cJunts Provincia\u201d, \u201cJunts Barris\u201d y \u201cJunts Creixem!\u201d.<\/p>\n<p>Hoy en d\u00eda, trabajamos con centros escolares para que puedan visitar las instalaciones del Nou Estadi Costa Daurada y disfrutar de la Experiencia N\u00e0stic.<\/p>\n\t\t\t\t\t\t\t\t<\/div>\n\t\t\t\t<\/div>\n\t\t\t\t<div class=\"elementor-element elementor-element-0e0fafb elementor-widget-divider--view-line elementor-widget elementor-widget-divider\" data-id=\"0e0fafb\" data-element_type=\"widget\" data-e-type=\"widget\" data-widget_type=\"divider.default\">\n\t\t\t\t<div class=\"elementor-widget-container\">\n\t\t\t\t\t\t\t<div class=\"elementor-divider\">\n\t\t\t<span class=\"elementor-divider-separator\">\n\t\t\t\t\t\t<\/span>\n\t\t<\/div>\n\t\t\t\t\t\t<\/div>\n\t\t\t\t<\/div>\n\t\t\t\t<div class=\"elementor-element elementor-element-d87af68 elementor-widget elementor-widget-spacer\" data-id=\"d87af68\" data-element_type=\"widget\" data-e-type=\"widget\" data-widget_type=\"spacer.default\">\n\t\t\t\t<div class=\"elementor-widget-container\">\n\t\t\t\t\t\t\t<div class=\"elementor-spacer\">\n\t\t\t<div class=\"elementor-spacer-inner\"><\/div>\n\t\t<\/div>\n\t\t\t\t\t\t<\/div>\n\t\t\t\t<\/div>\n\t\t\t\t\t<\/div>\n\t\t<\/div>\n\t\t\t\t<div class=\"has_eae_slider elementor-column elementor-col-50 elementor-top-column elementor-element elementor-element-d3d9ade\" data-eae-slider=\"4769\" data-id=\"d3d9ade\" data-element_type=\"column\" data-e-type=\"column\">\n\t\t\t<div class=\"elementor-widget-wrap elementor-element-populated\">\n\t\t\t\t\t\t<div class=\"elementor-element elementor-element-f76faec elementor-widget elementor-widget-html\" data-id=\"f76faec\" data-element_type=\"widget\" data-e-type=\"widget\" data-widget_type=\"html.default\">\n\t\t\t\t<div class=\"elementor-widget-container\">\n\t\t\t\t\t<a data-flickr-embed=\"true\" href=\"https:\/\/www.flickr.com\/photos\/nastictarragona\/albums\/72157707025716104\" title=\"Palanca i Brugui visiten el Col\u2022legi El Carme\"><img decoding=\"async\" src=\"https:\/\/live.staticflickr.com\/7876\/33293502818_7f923cf819_z.jpg\" width=\"640\" height=\"480\" alt=\"Palanca i Brugui visiten el Col\u2022legi El Carme\"><\/a><script async=\"\" src=\"\/\/embedr.flickr.com\/assets\/client-code.js\" charset=\"utf-8\"><\/script>\t\t\t\t<\/div>\n\t\t\t\t<\/div>\n\t\t\t\t<div class=\"elementor-element elementor-element-6f05edc elementor-widget elementor-widget-image\" data-id=\"6f05edc\" data-element_type=\"widget\" data-e-type=\"widget\" data-widget_type=\"image.default\">\n\t\t\t\t<div class=\"elementor-widget-container\">\n\t\t\t\t\t\t\t\t\t\t\t\t\t\t\t\t<a href=\"https:\/\/www.gimnasticdetarragona.cat\/index.php\/voluntariat-grana-basf\/\">\n\t\t\t\t\t\t\t<img decoding=\"async\" width=\"662\" height=\"662\" src=\"https:\/\/gimnasticdetarragona.cat\/wp-content\/uploads\/2022\/06\/logo-voluntariat.jpg\" class=\"attachment-full size-full wp-image-401\" alt=\"logo-voluntariat\" srcset=\"https:\/\/gimnasticdetarragona.cat\/wp-content\/uploads\/2022\/06\/logo-voluntariat.jpg 662w, https:\/\/gimnasticdetarragona.cat\/wp-content\/uploads\/2022\/06\/logo-voluntariat-300x300.jpg 300w, https:\/\/gimnasticdetarragona.cat\/wp-content\/uploads\/2022\/06\/logo-voluntariat-150x150.jpg 150w\" sizes=\"(max-width: 662px) 100vw, 662px\" \/>\t\t\t\t\t\t\t\t<\/a>\n\t\t\t\t\t\t\t\t\t\t\t\t\t\t\t<\/div>\n\t\t\t\t<\/div>\n\t\t\t\t<div class=\"elementor-element elementor-element-6301bae elementor-widget elementor-widget-image\" data-id=\"6301bae\" data-element_type=\"widget\" data-e-type=\"widget\" data-widget_type=\"image.default\">\n\t\t\t\t<div class=\"elementor-widget-container\">\n\t\t\t\t\t\t\t\t\t\t\t\t\t\t\t\t<a href=\"https:\/\/gimnasticdetarragona.cat\/es\/museo-virtual-nastic\/\">\n\t\t\t\t\t\t\t<img loading=\"lazy\" decoding=\"async\" width=\"662\" height=\"662\" src=\"https:\/\/gimnasticdetarragona.cat\/wp-content\/uploads\/2022\/06\/museu-grana.jpg\" class=\"attachment-full size-full wp-image-982\" alt=\"museu-grana\" srcset=\"https:\/\/gimnasticdetarragona.cat\/wp-content\/uploads\/2022\/06\/museu-grana.jpg 662w, https:\/\/gimnasticdetarragona.cat\/wp-content\/uploads\/2022\/06\/museu-grana-300x300.jpg 300w, https:\/\/gimnasticdetarragona.cat\/wp-content\/uploads\/2022\/06\/museu-grana-150x150.jpg 150w\" sizes=\"(max-width: 662px) 100vw, 662px\" \/>\t\t\t\t\t\t\t\t<\/a>\n\t\t\t\t\t\t\t\t\t\t\t\t\t\t\t<\/div>\n\t\t\t\t<\/div>\n\t\t\t\t\t<\/div>\n\t\t<\/div>\n\t\t\t\t\t<\/div>\n\t\t<\/section>\n\t\t\t\t<section class=\"has_eae_slider elementor-section elementor-top-section elementor-element elementor-element-96ed8be elementor-section-boxed elementor-section-height-default elementor-section-height-default\" data-eae-slider=\"70446\" data-id=\"96ed8be\" data-element_type=\"section\" data-e-type=\"section\">\n\t\t\t\t\t\t<div class=\"elementor-container elementor-column-gap-default\">\n\t\t\t\t\t<div class=\"has_eae_slider elementor-column elementor-col-100 elementor-top-column elementor-element elementor-element-f8d89da\" data-eae-slider=\"56466\" data-id=\"f8d89da\" data-element_type=\"column\" data-e-type=\"column\">\n\t\t\t<div class=\"elementor-widget-wrap elementor-element-populated\">\n\t\t\t\t\t\t<div class=\"elementor-element elementor-element-804ea9b elementor-widget elementor-widget-spacer\" data-id=\"804ea9b\" data-element_type=\"widget\" data-e-type=\"widget\" data-widget_type=\"spacer.default\">\n\t\t\t\t<div class=\"elementor-widget-container\">\n\t\t\t\t\t\t\t<div class=\"elementor-spacer\">\n\t\t\t<div class=\"elementor-spacer-inner\"><\/div>\n\t\t<\/div>\n\t\t\t\t\t\t<\/div>\n\t\t\t\t<\/div>\n\t\t\t\t\t<\/div>\n\t\t<\/div>\n\t\t\t\t\t<\/div>\n\t\t<\/section>\n\t\t\t\t<\/div>\n\t\t","protected":false},"excerpt":{"rendered":"<p>N\u00c0STIC EXPERIENCE N\u00e0stic Experience es el programa social del Gimn\u00e0stic de Tarragona dirigido a entidades, instituciones y organismos del territorio que trabajan para el desarrollo social y cultural y fomentan la cultura del esfuerzo y la superaci\u00f3n. Adem\u00e1s, la voluntad desde el club es acercar a la Marca N\u00e0stic a los colectivos implicados en la [&hellip;]<\/p>\n","protected":false},"author":6,"featured_media":0,"parent":0,"menu_order":0,"comment_status":"closed","ping_status":"closed","template":"","meta":{"_acf_changed":false,"footnotes":""},"class_list":["post-1561","page","type-page","status-publish","hentry"],"acf":[],"yoast_head":"<!-- This site is optimized with the Yoast SEO plugin v27.3 - https:\/\/yoast.com\/product\/yoast-seo-wordpress\/ -->\n<title>N\u00e0stic Experience - Gimn\u00e0stic de Tarragona SAD<\/title>\n<meta name=\"robots\" content=\"index, follow, max-snippet:-1, max-image-preview:large, max-video-preview:-1\" \/>\n<link rel=\"canonical\" href=\"https:\/\/gimnasticdetarragona.cat\/es\/nastic-experience\/\" \/>\n<meta property=\"og:locale\" content=\"es_ES\" \/>\n<meta property=\"og:type\" content=\"article\" \/>\n<meta property=\"og:title\" content=\"N\u00e0stic Experience - Gimn\u00e0stic de Tarragona SAD\" \/>\n<meta property=\"og:description\" content=\"N\u00c0STIC EXPERIENCE N\u00e0stic Experience es el programa social del Gimn\u00e0stic de Tarragona dirigido a entidades, instituciones y organismos del territorio que trabajan para el desarrollo social y cultural y fomentan la cultura del esfuerzo y la superaci\u00f3n. Adem\u00e1s, la voluntad desde el club es acercar a la Marca N\u00e0stic a los colectivos implicados en la [&hellip;]\" \/>\n<meta property=\"og:url\" content=\"https:\/\/gimnasticdetarragona.cat\/es\/nastic-experience\/\" \/>\n<meta property=\"og:site_name\" content=\"Gimn\u00e0stic de Tarragona SAD\" \/>\n<meta property=\"article:modified_time\" content=\"2025-03-21T07:58:13+00:00\" \/>\n<meta property=\"og:image\" content=\"https:\/\/gimnasticdetarragona.cat\/wp-content\/uploads\/2022\/06\/logo-nastic-vermell.jpg\" \/>\n\t<meta property=\"og:image:width\" content=\"662\" \/>\n\t<meta property=\"og:image:height\" content=\"770\" \/>\n\t<meta property=\"og:image:type\" content=\"image\/jpeg\" \/>\n<meta name=\"twitter:card\" content=\"summary_large_image\" \/>\n<meta name=\"twitter:site\" content=\"@NASTICTARRAGONA\" \/>\n<meta name=\"twitter:label1\" content=\"Tiempo de lectura\" \/>\n\t<meta name=\"twitter:data1\" content=\"1 minuto\" \/>\n<script type=\"application\/ld+json\" class=\"yoast-schema-graph\">{\"@context\":\"https:\\\/\\\/schema.org\",\"@graph\":[{\"@type\":\"WebPage\",\"@id\":\"https:\\\/\\\/gimnasticdetarragona.cat\\\/es\\\/nastic-experience\\\/\",\"url\":\"https:\\\/\\\/gimnasticdetarragona.cat\\\/es\\\/nastic-experience\\\/\",\"name\":\"N\u00e0stic Experience - Gimn\u00e0stic de Tarragona SAD\",\"isPartOf\":{\"@id\":\"https:\\\/\\\/gimnasticdetarragona.cat\\\/es\\\/#website\"},\"primaryImageOfPage\":{\"@id\":\"https:\\\/\\\/gimnasticdetarragona.cat\\\/es\\\/nastic-experience\\\/#primaryimage\"},\"image\":{\"@id\":\"https:\\\/\\\/gimnasticdetarragona.cat\\\/es\\\/nastic-experience\\\/#primaryimage\"},\"thumbnailUrl\":\"https:\\\/\\\/gimnasticdetarragona.cat\\\/wp-content\\\/uploads\\\/2022\\\/06\\\/logo-nastic-vermell.jpg\",\"datePublished\":\"2022-06-15T08:27:26+00:00\",\"dateModified\":\"2025-03-21T07:58:13+00:00\",\"breadcrumb\":{\"@id\":\"https:\\\/\\\/gimnasticdetarragona.cat\\\/es\\\/nastic-experience\\\/#breadcrumb\"},\"inLanguage\":\"es\",\"potentialAction\":[{\"@type\":\"ReadAction\",\"target\":[\"https:\\\/\\\/gimnasticdetarragona.cat\\\/es\\\/nastic-experience\\\/\"]}]},{\"@type\":\"ImageObject\",\"inLanguage\":\"es\",\"@id\":\"https:\\\/\\\/gimnasticdetarragona.cat\\\/es\\\/nastic-experience\\\/#primaryimage\",\"url\":\"https:\\\/\\\/gimnasticdetarragona.cat\\\/wp-content\\\/uploads\\\/2022\\\/06\\\/logo-nastic-vermell.jpg\",\"contentUrl\":\"https:\\\/\\\/gimnasticdetarragona.cat\\\/wp-content\\\/uploads\\\/2022\\\/06\\\/logo-nastic-vermell.jpg\"},{\"@type\":\"BreadcrumbList\",\"@id\":\"https:\\\/\\\/gimnasticdetarragona.cat\\\/es\\\/nastic-experience\\\/#breadcrumb\",\"itemListElement\":[{\"@type\":\"ListItem\",\"position\":1,\"name\":\"Inici\",\"item\":\"https:\\\/\\\/gimnasticdetarragona.cat\\\/es\\\/nastic\\\/\"},{\"@type\":\"ListItem\",\"position\":2,\"name\":\"N\u00e0stic Experience\"}]},{\"@type\":\"WebSite\",\"@id\":\"https:\\\/\\\/gimnasticdetarragona.cat\\\/es\\\/#website\",\"url\":\"https:\\\/\\\/gimnasticdetarragona.cat\\\/es\\\/\",\"name\":\"Gimn\u00e0stic de Tarragona SAD\",\"description\":\"Gimn\u00e0stic de Tarragona\",\"publisher\":{\"@id\":\"https:\\\/\\\/gimnasticdetarragona.cat\\\/es\\\/#organization\"},\"potentialAction\":[{\"@type\":\"SearchAction\",\"target\":{\"@type\":\"EntryPoint\",\"urlTemplate\":\"https:\\\/\\\/gimnasticdetarragona.cat\\\/es\\\/?s={search_term_string}\"},\"query-input\":{\"@type\":\"PropertyValueSpecification\",\"valueRequired\":true,\"valueName\":\"search_term_string\"}}],\"inLanguage\":\"es\"},{\"@type\":\"Organization\",\"@id\":\"https:\\\/\\\/gimnasticdetarragona.cat\\\/es\\\/#organization\",\"name\":\"GIMN\u00c0STIC DE TARRAGONA\",\"alternateName\":\"N\u00c0STIC\",\"url\":\"https:\\\/\\\/gimnasticdetarragona.cat\\\/es\\\/\",\"logo\":{\"@type\":\"ImageObject\",\"inLanguage\":\"es\",\"@id\":\"https:\\\/\\\/gimnasticdetarragona.cat\\\/es\\\/#\\\/schema\\\/logo\\\/image\\\/\",\"url\":\"https:\\\/\\\/gimnasticdetarragona.cat\\\/wp-content\\\/uploads\\\/2022\\\/06\\\/cropped-logo-gimnastic.png\",\"contentUrl\":\"https:\\\/\\\/gimnasticdetarragona.cat\\\/wp-content\\\/uploads\\\/2022\\\/06\\\/cropped-logo-gimnastic.png\",\"width\":224,\"height\":83,\"caption\":\"GIMN\u00c0STIC DE TARRAGONA\"},\"image\":{\"@id\":\"https:\\\/\\\/gimnasticdetarragona.cat\\\/es\\\/#\\\/schema\\\/logo\\\/image\\\/\"},\"sameAs\":[\"https:\\\/\\\/x.com\\\/NASTICTARRAGONA\",\"https:\\\/\\\/www.instagram.com\\\/nastictarragona\\\/\"]}]}<\/script>\n<!-- \/ Yoast SEO plugin. -->","yoast_head_json":{"title":"N\u00e0stic Experience - Gimn\u00e0stic de Tarragona SAD","robots":{"index":"index","follow":"follow","max-snippet":"max-snippet:-1","max-image-preview":"max-image-preview:large","max-video-preview":"max-video-preview:-1"},"canonical":"https:\/\/gimnasticdetarragona.cat\/es\/nastic-experience\/","og_locale":"es_ES","og_type":"article","og_title":"N\u00e0stic Experience - Gimn\u00e0stic de Tarragona SAD","og_description":"N\u00c0STIC EXPERIENCE N\u00e0stic Experience es el programa social del Gimn\u00e0stic de Tarragona dirigido a entidades, instituciones y organismos del territorio que trabajan para el desarrollo social y cultural y fomentan la cultura del esfuerzo y la superaci\u00f3n. Adem\u00e1s, la voluntad desde el club es acercar a la Marca N\u00e0stic a los colectivos implicados en la [&hellip;]","og_url":"https:\/\/gimnasticdetarragona.cat\/es\/nastic-experience\/","og_site_name":"Gimn\u00e0stic de Tarragona SAD","article_modified_time":"2025-03-21T07:58:13+00:00","og_image":[{"width":662,"height":770,"url":"https:\/\/gimnasticdetarragona.cat\/wp-content\/uploads\/2022\/06\/logo-nastic-vermell.jpg","type":"image\/jpeg"}],"twitter_card":"summary_large_image","twitter_site":"@NASTICTARRAGONA","twitter_misc":{"Tiempo de lectura":"1 minuto"},"schema":{"@context":"https:\/\/schema.org","@graph":[{"@type":"WebPage","@id":"https:\/\/gimnasticdetarragona.cat\/es\/nastic-experience\/","url":"https:\/\/gimnasticdetarragona.cat\/es\/nastic-experience\/","name":"N\u00e0stic Experience - Gimn\u00e0stic de Tarragona SAD","isPartOf":{"@id":"https:\/\/gimnasticdetarragona.cat\/es\/#website"},"primaryImageOfPage":{"@id":"https:\/\/gimnasticdetarragona.cat\/es\/nastic-experience\/#primaryimage"},"image":{"@id":"https:\/\/gimnasticdetarragona.cat\/es\/nastic-experience\/#primaryimage"},"thumbnailUrl":"https:\/\/gimnasticdetarragona.cat\/wp-content\/uploads\/2022\/06\/logo-nastic-vermell.jpg","datePublished":"2022-06-15T08:27:26+00:00","dateModified":"2025-03-21T07:58:13+00:00","breadcrumb":{"@id":"https:\/\/gimnasticdetarragona.cat\/es\/nastic-experience\/#breadcrumb"},"inLanguage":"es","potentialAction":[{"@type":"ReadAction","target":["https:\/\/gimnasticdetarragona.cat\/es\/nastic-experience\/"]}]},{"@type":"ImageObject","inLanguage":"es","@id":"https:\/\/gimnasticdetarragona.cat\/es\/nastic-experience\/#primaryimage","url":"https:\/\/gimnasticdetarragona.cat\/wp-content\/uploads\/2022\/06\/logo-nastic-vermell.jpg","contentUrl":"https:\/\/gimnasticdetarragona.cat\/wp-content\/uploads\/2022\/06\/logo-nastic-vermell.jpg"},{"@type":"BreadcrumbList","@id":"https:\/\/gimnasticdetarragona.cat\/es\/nastic-experience\/#breadcrumb","itemListElement":[{"@type":"ListItem","position":1,"name":"Inici","item":"https:\/\/gimnasticdetarragona.cat\/es\/nastic\/"},{"@type":"ListItem","position":2,"name":"N\u00e0stic Experience"}]},{"@type":"WebSite","@id":"https:\/\/gimnasticdetarragona.cat\/es\/#website","url":"https:\/\/gimnasticdetarragona.cat\/es\/","name":"Gimn\u00e0stic de Tarragona SAD","description":"Gimn\u00e0stic de Tarragona","publisher":{"@id":"https:\/\/gimnasticdetarragona.cat\/es\/#organization"},"potentialAction":[{"@type":"SearchAction","target":{"@type":"EntryPoint","urlTemplate":"https:\/\/gimnasticdetarragona.cat\/es\/?s={search_term_string}"},"query-input":{"@type":"PropertyValueSpecification","valueRequired":true,"valueName":"search_term_string"}}],"inLanguage":"es"},{"@type":"Organization","@id":"https:\/\/gimnasticdetarragona.cat\/es\/#organization","name":"GIMN\u00c0STIC DE TARRAGONA","alternateName":"N\u00c0STIC","url":"https:\/\/gimnasticdetarragona.cat\/es\/","logo":{"@type":"ImageObject","inLanguage":"es","@id":"https:\/\/gimnasticdetarragona.cat\/es\/#\/schema\/logo\/image\/","url":"https:\/\/gimnasticdetarragona.cat\/wp-content\/uploads\/2022\/06\/cropped-logo-gimnastic.png","contentUrl":"https:\/\/gimnasticdetarragona.cat\/wp-content\/uploads\/2022\/06\/cropped-logo-gimnastic.png","width":224,"height":83,"caption":"GIMN\u00c0STIC DE TARRAGONA"},"image":{"@id":"https:\/\/gimnasticdetarragona.cat\/es\/#\/schema\/logo\/image\/"},"sameAs":["https:\/\/x.com\/NASTICTARRAGONA","https:\/\/www.instagram.com\/nastictarragona\/"]}]}},"_links":{"self":[{"href":"https:\/\/gimnasticdetarragona.cat\/es\/wp-json\/wp\/v2\/pages\/1561","targetHints":{"allow":["GET"]}}],"collection":[{"href":"https:\/\/gimnasticdetarragona.cat\/es\/wp-json\/wp\/v2\/pages"}],"about":[{"href":"https:\/\/gimnasticdetarragona.cat\/es\/wp-json\/wp\/v2\/types\/page"}],"author":[{"embeddable":true,"href":"https:\/\/gimnasticdetarragona.cat\/es\/wp-json\/wp\/v2\/users\/6"}],"replies":[{"embeddable":true,"href":"https:\/\/gimnasticdetarragona.cat\/es\/wp-json\/wp\/v2\/comments?post=1561"}],"version-history":[{"count":2,"href":"https:\/\/gimnasticdetarragona.cat\/es\/wp-json\/wp\/v2\/pages\/1561\/revisions"}],"predecessor-version":[{"id":98529,"href":"https:\/\/gimnasticdetarragona.cat\/es\/wp-json\/wp\/v2\/pages\/1561\/revisions\/98529"}],"wp:attachment":[{"href":"https:\/\/gimnasticdetarragona.cat\/es\/wp-json\/wp\/v2\/media?parent=1561"}],"curies":[{"name":"wp","href":"https:\/\/api.w.org\/{rel}","templated":true}]}}