{"id":1809,"date":"2022-06-17T07:05:15","date_gmt":"2022-06-17T05:05:15","guid":{"rendered":"https:\/\/clone.gimnasticdetarragona.cat\/index.php\/bases-para-los-sorteos\/"},"modified":"2022-07-06T11:08:07","modified_gmt":"2022-07-06T09:08:07","slug":"bases-para-los-sorteos","status":"publish","type":"page","link":"https:\/\/gimnasticdetarragona.cat\/es\/bases-para-los-sorteos\/","title":{"rendered":"Bases para los sorteos"},"content":{"rendered":"\t\t<div data-elementor-type=\"wp-page\" data-elementor-id=\"1809\" class=\"elementor elementor-1809 elementor-1789\" data-elementor-post-type=\"page\">\n\t\t\t\t\t\t<section class=\"has_eae_slider elementor-section elementor-top-section elementor-element elementor-element-9068d7e elementor-section-boxed elementor-section-height-default elementor-section-height-default\" data-eae-slider=\"28012\" data-id=\"9068d7e\" data-element_type=\"section\" data-e-type=\"section\">\n\t\t\t\t\t\t<div class=\"elementor-container elementor-column-gap-default\">\n\t\t\t\t\t<div class=\"has_eae_slider elementor-column elementor-col-100 elementor-top-column elementor-element elementor-element-82a81a1\" data-eae-slider=\"73573\" data-id=\"82a81a1\" data-element_type=\"column\" data-e-type=\"column\">\n\t\t\t<div class=\"elementor-widget-wrap elementor-element-populated\">\n\t\t\t\t\t\t<div class=\"elementor-element elementor-element-f994b49 elementor-widget elementor-widget-spacer\" data-id=\"f994b49\" data-element_type=\"widget\" data-e-type=\"widget\" data-widget_type=\"spacer.default\">\n\t\t\t\t<div class=\"elementor-widget-container\">\n\t\t\t\t\t\t\t<div class=\"elementor-spacer\">\n\t\t\t<div class=\"elementor-spacer-inner\"><\/div>\n\t\t<\/div>\n\t\t\t\t\t\t<\/div>\n\t\t\t\t<\/div>\n\t\t\t\t\t<\/div>\n\t\t<\/div>\n\t\t\t\t\t<\/div>\n\t\t<\/section>\n\t\t\t\t<section class=\"has_eae_slider elementor-section elementor-top-section elementor-element elementor-element-f99a0bc elementor-section-boxed elementor-section-height-default elementor-section-height-default\" data-eae-slider=\"18280\" data-id=\"f99a0bc\" data-element_type=\"section\" data-e-type=\"section\">\n\t\t\t\t\t\t<div class=\"elementor-container elementor-column-gap-default\">\n\t\t\t\t\t<div class=\"has_eae_slider elementor-column elementor-col-100 elementor-top-column elementor-element elementor-element-cc0237d\" data-eae-slider=\"95434\" data-id=\"cc0237d\" data-element_type=\"column\" data-e-type=\"column\">\n\t\t\t<div class=\"elementor-widget-wrap elementor-element-populated\">\n\t\t\t\t\t\t<div class=\"elementor-element elementor-element-f9aefd9 elementor-widget elementor-widget-heading\" data-id=\"f9aefd9\" data-element_type=\"widget\" data-e-type=\"widget\" data-widget_type=\"heading.default\">\n\t\t\t\t<div class=\"elementor-widget-container\">\n\t\t\t\t\t<h2 class=\"elementor-heading-title elementor-size-default\">BASES PARA LOS SORTEOS<\/h2>\t\t\t\t<\/div>\n\t\t\t\t<\/div>\n\t\t\t\t<div class=\"elementor-element elementor-element-d6fff28 elementor-widget elementor-widget-text-editor\" data-id=\"d6fff28\" data-element_type=\"widget\" data-e-type=\"widget\" data-widget_type=\"text-editor.default\">\n\t\t\t\t<div class=\"elementor-widget-container\">\n\t\t\t\t\t\t\t\t\t<p>El presente sorteo est\u00e1 organizado por GIMN\u00c0STIC DE TARRAGONA, S.A.D. con CIF A-43685213 y domicilio social en Partida Budallera, Barri Ermita de la Salut, S\/N \u2013 TARRAGONA.<br>Podr\u00e1n participar en el mismo todos los socios con correo electr\u00f3nico en nuestras bases de datos y los seguidores que cumplimenten el formulario. Solo se permite una participaci\u00f3n por semana para cada socio y\/o aficionado.. <\/p><p>Las Bases del sorteo est\u00e1n a disposici\u00f3n del que lo necesite en la direcci\u00f3n web <a href=\"https:\/\/www.gimnasticdetarragona.cat\/es\/politica-de-privacidad\/\">https:\/\/www.gimnasticdetarragona.cat\/politica-de-privacitat<\/a> <\/p>\t\t\t\t\t\t\t\t<\/div>\n\t\t\t\t<\/div>\n\t\t\t\t<div class=\"elementor-element elementor-element-56bc288 elementor-widget elementor-widget-heading\" data-id=\"56bc288\" data-element_type=\"widget\" data-e-type=\"widget\" data-widget_type=\"heading.default\">\n\t\t\t\t<div class=\"elementor-widget-container\">\n\t\t\t\t\t<h2 class=\"elementor-heading-title elementor-size-default\">Per\u00edodo de la acci\u00f3n:<\/h2>\t\t\t\t<\/div>\n\t\t\t\t<\/div>\n\t\t\t\t<div class=\"elementor-element elementor-element-6b367ff elementor-widget elementor-widget-text-editor\" data-id=\"6b367ff\" data-element_type=\"widget\" data-e-type=\"widget\" data-widget_type=\"text-editor.default\">\n\t\t\t\t<div class=\"elementor-widget-container\">\n\t\t\t\t\t\t\t\t\t<p>Semanalmente se anunciar\u00e1 en redes sociales oficiales de la entidad los plazos previstos del sorteo en cuesti\u00f3n, as\u00ed como el d\u00eda en que se conocer\u00e1 el ganador o ganadora.<\/p>\t\t\t\t\t\t\t\t<\/div>\n\t\t\t\t<\/div>\n\t\t\t\t<div class=\"elementor-element elementor-element-5b335df elementor-widget elementor-widget-heading\" data-id=\"5b335df\" data-element_type=\"widget\" data-e-type=\"widget\" data-widget_type=\"heading.default\">\n\t\t\t\t<div class=\"elementor-widget-container\">\n\t\t\t\t\t<h2 class=\"elementor-heading-title elementor-size-default\">Funcionamiento y premios:<\/h2>\t\t\t\t<\/div>\n\t\t\t\t<\/div>\n\t\t\t\t<div class=\"elementor-element elementor-element-575e58a elementor-widget elementor-widget-text-editor\" data-id=\"575e58a\" data-element_type=\"widget\" data-e-type=\"widget\" data-widget_type=\"text-editor.default\">\n\t\t\t\t<div class=\"elementor-widget-container\">\n\t\t\t\t\t\t\t\t\t<p>Cada semana se anunciar\u00e1n los productos que van a sortearse en la semana pr\u00f3xima. Los premios sorteados, podr\u00e1n ser productos oficiales del N\u00e0stic as\u00ed como productos de los patrocinadores que colaboren en el sorteo. <br>La comunicaci\u00f3n al ganador del resultado del sorteo, se efectuar\u00e1 mediante los datos facilitados en su formulario de inscripci\u00f3n.<\/p><p>La persona ganadora tendr\u00e1 un plazo de 4 d\u00edas, a partir del d\u00eda siguiente de la celebraci\u00f3n del sorteo, para la aceptaci\u00f3n del premio v\u00eda mail a prensa@gimnasticdetarragona.cat. En caso de no aceptar el premio dentro del plazo previsto, se considerar\u00e1 desierto pudiendo disponer de \u00e9l la organizaci\u00f3n para futuros sorteos. En ning\u00fan caso se aceptar\u00e1 el cambio del premio por su valor en met\u00e1lico.  <\/p><p>Con la entrega del premio se tomar\u00e1n im\u00e1genes de la persona premiada que podr\u00e1n ser utilizadas por parte de GIMN\u00c0STIC DE TARRAGONA, S.A.D. as\u00ed como, en el caso de que corresponda, del patrocinador que haya colaborado en el sorteo.<\/p><p>Al amparo de lo dispuesto en la Ley Org\u00e1nica 1\/1982, de 5 de mayo, sobre protecci\u00f3n civil del derecho al honor, a la intimidad personal y familiar y a la propia imagen, el participante autoriza a GIMN\u00c0STIC DE TARRAGONA, S.A.D, y a los patrocinadores que participen en el sorteo, al uso de las im\u00e1genes.<\/p><p>GIMN\u00c0STIC DE TARRAGONA, S.A.D y los patrocinadores que participen en el sorteo, podr\u00e1n reproducir y difundir las mencionadas im\u00e1genes, o parte de las mismas, utilizando los medios t\u00e9cnicos y soportes conocidos en la actualidad, particularmente, los soportes escritos, audiovisuales y electr\u00f3nicos, incluido internet, as\u00ed como los que pudieran desarrollarse en el futuro, con la \u00fanica salvedad y limitaci\u00f3n de aquellas utilizaciones que puedan atentar al derecho al honor en los t\u00e9rminos previstos en la Ley Org\u00e1nica 1\/1982.<\/p><p>Esta cesi\u00f3n no limita un \u00e1mbito geogr\u00e1fico definido y ser\u00e1 por un plazo indeterminado.<\/p>\t\t\t\t\t\t\t\t<\/div>\n\t\t\t\t<\/div>\n\t\t\t\t<div class=\"elementor-element elementor-element-b87c72f elementor-widget elementor-widget-heading\" data-id=\"b87c72f\" data-element_type=\"widget\" data-e-type=\"widget\" data-widget_type=\"heading.default\">\n\t\t\t\t<div class=\"elementor-widget-container\">\n\t\t\t\t\t<h2 class=\"elementor-heading-title elementor-size-default\">Protecci\u00f3n de datos de car\u00e1cter personal:<\/h2>\t\t\t\t<\/div>\n\t\t\t\t<\/div>\n\t\t\t\t<div class=\"elementor-element elementor-element-f801785 elementor-widget elementor-widget-text-editor\" data-id=\"f801785\" data-element_type=\"widget\" data-e-type=\"widget\" data-widget_type=\"text-editor.default\">\n\t\t\t\t<div class=\"elementor-widget-container\">\n\t\t\t\t\t\t\t\t\t<p>La participaci\u00f3n en este sorteo supone facilitar datos de contacto para que GIMN\u00c0STIC DE TARRAGONA, S.A.D. se comunique con el participante y le facilite el premio descrito en el sorteo en que el interesado participe.<\/p><p>Estos datos van a ser tratados de acuerdo al cumplimiento del Reglamento (UE) 2016\/679 del Parlamento Europeo y del Consejo, de 27 de abril de 2016, relativo a la protecci\u00f3n de las personas f\u00edsicas en lo que respecta al tratamiento de datos personales y a la libre circulaci\u00f3n de estos datos y por el que se deroga la Directiva 95\/46\/CE (en adelante, RGPD).<\/p><p>Los datos solicitados en el formulario son nombre completo, DNI, correo electr\u00f3nico o n\u00famero de tel\u00e9fono, as\u00ed como cualquier otro necesario para complementar la inscripci\u00f3n. Los datos recogidos resultan necesarios, de manera que, de no facilitarlos, no ser\u00e1 posible la inscripci\u00f3n en el sorteo. <\/p><p>En este sentido, el participante consiente expresamente la recogida y el tratamiento de los mismos para las citadas finalidades y se compromete a comunicar a GIMN\u00c0STIC DE TARRAGONA, S.A.D. cualquier variaci\u00f3n que se produjese en los mismos.<\/p>\t\t\t\t\t\t\t\t<\/div>\n\t\t\t\t<\/div>\n\t\t\t\t<div class=\"elementor-element elementor-element-f6756c2 elementor-widget elementor-widget-heading\" data-id=\"f6756c2\" data-element_type=\"widget\" data-e-type=\"widget\" data-widget_type=\"heading.default\">\n\t\t\t\t<div class=\"elementor-widget-container\">\n\t\t\t\t\t<h2 class=\"elementor-heading-title elementor-size-default\">INFORMACI\u00d3N B\u00c1SICA DE PROTECCI\u00d3N DE DATOS:<\/h2>\t\t\t\t<\/div>\n\t\t\t\t<\/div>\n\t\t\t\t<div class=\"elementor-element elementor-element-0db790c elementor-widget elementor-widget-text-editor\" data-id=\"0db790c\" data-element_type=\"widget\" data-e-type=\"widget\" data-widget_type=\"text-editor.default\">\n\t\t\t\t<div class=\"elementor-widget-container\">\n\t\t\t\t\t\t\t\t\t<p><strong>Responsable del Tratamiento: <\/strong>GIMN\u00c0STIC DE TARRAGONA, S.A.D. con CIF A-43685213 y domicilio social en Partida Budallera, Barri Ermita de la Salut, S\/N \u2013 TARRAGONA<\/p><p><strong>Finalidad:<\/strong> Los datos ser\u00e1n utilizados para la gesti\u00f3n del sorteo realizado. Asimismo, las im\u00e1genes, nombre y apellidos del ganador en relaci\u00f3n con el sorteo podr\u00e1n ser publicadas a trav\u00e9s de distintos medios (prensa, web, redes sociales, etc.). <\/p><p>Cuando el interesado haya aceptado recibir informaci\u00f3n de GIMN\u00c0STIC DE TARRAGONA, S.A.D., y de los patrocinadores que participen en el sorteo, los datos tambi\u00e9n se utilizar\u00e1n para comunicaciones comerciales.<\/p><p><strong>Conservaci\u00f3n:<\/strong> Los datos ser\u00e1n conservados durante los plazos de prescripci\u00f3n legal y, mientras el interesado no revoque su consentimiento, para el env\u00edo de comunicaciones comerciales cuando las haya aceptado previamente.<\/p><p><strong>Legitimaci\u00f3n:<\/strong> Consentimiento del interesado.<\/p><p><strong>Destinatarios:<\/strong> Terceros que colaboren de forma directa o indirecta en el sorteo. Organismos p\u00fablicos obligados por ley. <br>Las im\u00e1genes podr\u00e1n ser accesibles a terceros a trav\u00e9s de los m\u00e9todos de publicaci\u00f3n autorizados en las presentes bases.<\/p><p><strong>Derechos:<\/strong> Puede solicitar los derechos de acceso, rectificaci\u00f3n, supresi\u00f3n y portabilidad de sus datos, de limitaci\u00f3n y oposici\u00f3n a su tratamiento, as\u00ed como a no ser objeto de decisiones basadas \u00fanicamente en el tratamiento automatizado de sus datos, cuando procedan ante el responsable del tratamiento.<\/p><p><strong>Informaci\u00f3n adicional:<\/strong> Puede consultar la informaci\u00f3n adicional sobre protecci\u00f3n de datos ante el responsable del tratamiento.<\/p><p><strong>Aceptaci\u00f3n de las presentes bases<\/strong><br>La participaci\u00f3n en el sorteo supone la aceptaci\u00f3n incondicional e \u00edntegra de las presentes bases.<\/p><p><strong>Responsabilidades<\/strong><br>GIMN\u00c0STIC DE TARRAGONA, S.A.D. se reserva el derecho de anular cualquier participaci\u00f3n o a cualquier participante si se tienen sospechas de una manipulaci\u00f3n incorrecta de los datos o del sorteo.<br>GIMN\u00c0STIC DE TARRAGONA, S.A.D. se reserva el derecho de rechazar o excluir de la participaci\u00f3n en el sorteo a cualquier participante que no re\u00fana los requisitos descritos en las presentes bases y t\u00e9rminos de participaci\u00f3n o contravenga las normas o finalidad del sorteo.<\/p><p>Versi\u00f3n: 1.0<br>Fecha: Febrero 2021<\/p>\t\t\t\t\t\t\t\t<\/div>\n\t\t\t\t<\/div>\n\t\t\t\t\t<\/div>\n\t\t<\/div>\n\t\t\t\t\t<\/div>\n\t\t<\/section>\n\t\t\t\t<section class=\"has_eae_slider elementor-section elementor-top-section elementor-element elementor-element-42e49e4 elementor-section-boxed elementor-section-height-default elementor-section-height-default\" data-eae-slider=\"35848\" data-id=\"42e49e4\" data-element_type=\"section\" data-e-type=\"section\">\n\t\t\t\t\t\t<div class=\"elementor-container elementor-column-gap-default\">\n\t\t\t\t\t<div class=\"has_eae_slider elementor-column elementor-col-100 elementor-top-column elementor-element elementor-element-885fdac\" data-eae-slider=\"89010\" data-id=\"885fdac\" data-element_type=\"column\" data-e-type=\"column\">\n\t\t\t<div class=\"elementor-widget-wrap elementor-element-populated\">\n\t\t\t\t\t\t<div class=\"elementor-element elementor-element-2137100 elementor-widget elementor-widget-spacer\" data-id=\"2137100\" data-element_type=\"widget\" data-e-type=\"widget\" data-widget_type=\"spacer.default\">\n\t\t\t\t<div class=\"elementor-widget-container\">\n\t\t\t\t\t\t\t<div class=\"elementor-spacer\">\n\t\t\t<div class=\"elementor-spacer-inner\"><\/div>\n\t\t<\/div>\n\t\t\t\t\t\t<\/div>\n\t\t\t\t<\/div>\n\t\t\t\t\t<\/div>\n\t\t<\/div>\n\t\t\t\t\t<\/div>\n\t\t<\/section>\n\t\t\t\t<\/div>\n\t\t","protected":false},"excerpt":{"rendered":"<p>BASES PARA LOS SORTEOS El presente sorteo est\u00e1 organizado por GIMN\u00c0STIC DE TARRAGONA, S.A.D. con CIF A-43685213 y domicilio social en Partida Budallera, Barri Ermita de la Salut, S\/N \u2013 TARRAGONA.Podr\u00e1n participar en el mismo todos los socios con correo electr\u00f3nico en nuestras bases de datos y los seguidores que cumplimenten el formulario. Solo se [&hellip;]<\/p>\n","protected":false},"author":6,"featured_media":0,"parent":0,"menu_order":0,"comment_status":"closed","ping_status":"closed","template":"","meta":{"_acf_changed":false,"footnotes":""},"class_list":["post-1809","page","type-page","status-publish","hentry"],"acf":[],"yoast_head":"<!-- This site is optimized with the Yoast SEO plugin v27.5 - https:\/\/yoast.com\/product\/yoast-seo-wordpress\/ -->\n<title>Bases para los sorteos - Gimn\u00e0stic de Tarragona SAD<\/title>\n<meta name=\"robots\" content=\"index, follow, max-snippet:-1, max-image-preview:large, max-video-preview:-1\" \/>\n<link rel=\"canonical\" href=\"https:\/\/gimnasticdetarragona.cat\/es\/bases-para-los-sorteos\/\" \/>\n<meta property=\"og:locale\" content=\"es_ES\" \/>\n<meta property=\"og:type\" content=\"article\" \/>\n<meta property=\"og:title\" content=\"Bases para los sorteos - Gimn\u00e0stic de Tarragona SAD\" \/>\n<meta property=\"og:description\" content=\"BASES PARA LOS SORTEOS El presente sorteo est\u00e1 organizado por GIMN\u00c0STIC DE TARRAGONA, S.A.D. con CIF A-43685213 y domicilio social en Partida Budallera, Barri Ermita de la Salut, S\/N \u2013 TARRAGONA.Podr\u00e1n participar en el mismo todos los socios con correo electr\u00f3nico en nuestras bases de datos y los seguidores que cumplimenten el formulario. Solo se [&hellip;]\" \/>\n<meta property=\"og:url\" content=\"https:\/\/gimnasticdetarragona.cat\/es\/bases-para-los-sorteos\/\" \/>\n<meta property=\"og:site_name\" content=\"Gimn\u00e0stic de Tarragona SAD\" \/>\n<meta property=\"article:modified_time\" content=\"2022-07-06T09:08:07+00:00\" \/>\n<meta name=\"twitter:card\" content=\"summary_large_image\" \/>\n<meta name=\"twitter:site\" content=\"@NASTICTARRAGONA\" \/>\n<meta name=\"twitter:label1\" content=\"Tiempo de lectura\" \/>\n\t<meta name=\"twitter:data1\" content=\"5 minutos\" \/>\n<script type=\"application\/ld+json\" class=\"yoast-schema-graph\">{\"@context\":\"https:\\\/\\\/schema.org\",\"@graph\":[{\"@type\":\"WebPage\",\"@id\":\"https:\\\/\\\/gimnasticdetarragona.cat\\\/es\\\/bases-para-los-sorteos\\\/\",\"url\":\"https:\\\/\\\/gimnasticdetarragona.cat\\\/es\\\/bases-para-los-sorteos\\\/\",\"name\":\"Bases para los sorteos - Gimn\u00e0stic de Tarragona SAD\",\"isPartOf\":{\"@id\":\"https:\\\/\\\/gimnasticdetarragona.cat\\\/es\\\/#website\"},\"datePublished\":\"2022-06-17T05:05:15+00:00\",\"dateModified\":\"2022-07-06T09:08:07+00:00\",\"breadcrumb\":{\"@id\":\"https:\\\/\\\/gimnasticdetarragona.cat\\\/es\\\/bases-para-los-sorteos\\\/#breadcrumb\"},\"inLanguage\":\"es\",\"potentialAction\":[{\"@type\":\"ReadAction\",\"target\":[\"https:\\\/\\\/gimnasticdetarragona.cat\\\/es\\\/bases-para-los-sorteos\\\/\"]}]},{\"@type\":\"BreadcrumbList\",\"@id\":\"https:\\\/\\\/gimnasticdetarragona.cat\\\/es\\\/bases-para-los-sorteos\\\/#breadcrumb\",\"itemListElement\":[{\"@type\":\"ListItem\",\"position\":1,\"name\":\"Inici\",\"item\":\"https:\\\/\\\/gimnasticdetarragona.cat\\\/es\\\/nastic\\\/\"},{\"@type\":\"ListItem\",\"position\":2,\"name\":\"Bases para los sorteos\"}]},{\"@type\":\"WebSite\",\"@id\":\"https:\\\/\\\/gimnasticdetarragona.cat\\\/es\\\/#website\",\"url\":\"https:\\\/\\\/gimnasticdetarragona.cat\\\/es\\\/\",\"name\":\"Gimn\u00e0stic de Tarragona SAD\",\"description\":\"Gimn\u00e0stic de Tarragona\",\"publisher\":{\"@id\":\"https:\\\/\\\/gimnasticdetarragona.cat\\\/es\\\/#organization\"},\"potentialAction\":[{\"@type\":\"SearchAction\",\"target\":{\"@type\":\"EntryPoint\",\"urlTemplate\":\"https:\\\/\\\/gimnasticdetarragona.cat\\\/es\\\/?s={search_term_string}\"},\"query-input\":{\"@type\":\"PropertyValueSpecification\",\"valueRequired\":true,\"valueName\":\"search_term_string\"}}],\"inLanguage\":\"es\"},{\"@type\":\"Organization\",\"@id\":\"https:\\\/\\\/gimnasticdetarragona.cat\\\/es\\\/#organization\",\"name\":\"GIMN\u00c0STIC DE TARRAGONA\",\"alternateName\":\"N\u00c0STIC\",\"url\":\"https:\\\/\\\/gimnasticdetarragona.cat\\\/es\\\/\",\"logo\":{\"@type\":\"ImageObject\",\"inLanguage\":\"es\",\"@id\":\"https:\\\/\\\/gimnasticdetarragona.cat\\\/es\\\/#\\\/schema\\\/logo\\\/image\\\/\",\"url\":\"https:\\\/\\\/gimnasticdetarragona.cat\\\/wp-content\\\/uploads\\\/2022\\\/06\\\/cropped-logo-gimnastic.png\",\"contentUrl\":\"https:\\\/\\\/gimnasticdetarragona.cat\\\/wp-content\\\/uploads\\\/2022\\\/06\\\/cropped-logo-gimnastic.png\",\"width\":224,\"height\":83,\"caption\":\"GIMN\u00c0STIC DE TARRAGONA\"},\"image\":{\"@id\":\"https:\\\/\\\/gimnasticdetarragona.cat\\\/es\\\/#\\\/schema\\\/logo\\\/image\\\/\"},\"sameAs\":[\"https:\\\/\\\/x.com\\\/NASTICTARRAGONA\",\"https:\\\/\\\/www.instagram.com\\\/nastictarragona\\\/\"]}]}<\/script>\n<!-- \/ Yoast SEO plugin. -->","yoast_head_json":{"title":"Bases para los sorteos - Gimn\u00e0stic de Tarragona SAD","robots":{"index":"index","follow":"follow","max-snippet":"max-snippet:-1","max-image-preview":"max-image-preview:large","max-video-preview":"max-video-preview:-1"},"canonical":"https:\/\/gimnasticdetarragona.cat\/es\/bases-para-los-sorteos\/","og_locale":"es_ES","og_type":"article","og_title":"Bases para los sorteos - Gimn\u00e0stic de Tarragona SAD","og_description":"BASES PARA LOS SORTEOS El presente sorteo est\u00e1 organizado por GIMN\u00c0STIC DE TARRAGONA, S.A.D. con CIF A-43685213 y domicilio social en Partida Budallera, Barri Ermita de la Salut, S\/N \u2013 TARRAGONA.Podr\u00e1n participar en el mismo todos los socios con correo electr\u00f3nico en nuestras bases de datos y los seguidores que cumplimenten el formulario. Solo se [&hellip;]","og_url":"https:\/\/gimnasticdetarragona.cat\/es\/bases-para-los-sorteos\/","og_site_name":"Gimn\u00e0stic de Tarragona SAD","article_modified_time":"2022-07-06T09:08:07+00:00","twitter_card":"summary_large_image","twitter_site":"@NASTICTARRAGONA","twitter_misc":{"Tiempo de lectura":"5 minutos"},"schema":{"@context":"https:\/\/schema.org","@graph":[{"@type":"WebPage","@id":"https:\/\/gimnasticdetarragona.cat\/es\/bases-para-los-sorteos\/","url":"https:\/\/gimnasticdetarragona.cat\/es\/bases-para-los-sorteos\/","name":"Bases para los sorteos - Gimn\u00e0stic de Tarragona SAD","isPartOf":{"@id":"https:\/\/gimnasticdetarragona.cat\/es\/#website"},"datePublished":"2022-06-17T05:05:15+00:00","dateModified":"2022-07-06T09:08:07+00:00","breadcrumb":{"@id":"https:\/\/gimnasticdetarragona.cat\/es\/bases-para-los-sorteos\/#breadcrumb"},"inLanguage":"es","potentialAction":[{"@type":"ReadAction","target":["https:\/\/gimnasticdetarragona.cat\/es\/bases-para-los-sorteos\/"]}]},{"@type":"BreadcrumbList","@id":"https:\/\/gimnasticdetarragona.cat\/es\/bases-para-los-sorteos\/#breadcrumb","itemListElement":[{"@type":"ListItem","position":1,"name":"Inici","item":"https:\/\/gimnasticdetarragona.cat\/es\/nastic\/"},{"@type":"ListItem","position":2,"name":"Bases para los sorteos"}]},{"@type":"WebSite","@id":"https:\/\/gimnasticdetarragona.cat\/es\/#website","url":"https:\/\/gimnasticdetarragona.cat\/es\/","name":"Gimn\u00e0stic de Tarragona SAD","description":"Gimn\u00e0stic de Tarragona","publisher":{"@id":"https:\/\/gimnasticdetarragona.cat\/es\/#organization"},"potentialAction":[{"@type":"SearchAction","target":{"@type":"EntryPoint","urlTemplate":"https:\/\/gimnasticdetarragona.cat\/es\/?s={search_term_string}"},"query-input":{"@type":"PropertyValueSpecification","valueRequired":true,"valueName":"search_term_string"}}],"inLanguage":"es"},{"@type":"Organization","@id":"https:\/\/gimnasticdetarragona.cat\/es\/#organization","name":"GIMN\u00c0STIC DE TARRAGONA","alternateName":"N\u00c0STIC","url":"https:\/\/gimnasticdetarragona.cat\/es\/","logo":{"@type":"ImageObject","inLanguage":"es","@id":"https:\/\/gimnasticdetarragona.cat\/es\/#\/schema\/logo\/image\/","url":"https:\/\/gimnasticdetarragona.cat\/wp-content\/uploads\/2022\/06\/cropped-logo-gimnastic.png","contentUrl":"https:\/\/gimnasticdetarragona.cat\/wp-content\/uploads\/2022\/06\/cropped-logo-gimnastic.png","width":224,"height":83,"caption":"GIMN\u00c0STIC DE TARRAGONA"},"image":{"@id":"https:\/\/gimnasticdetarragona.cat\/es\/#\/schema\/logo\/image\/"},"sameAs":["https:\/\/x.com\/NASTICTARRAGONA","https:\/\/www.instagram.com\/nastictarragona\/"]}]}},"_links":{"self":[{"href":"https:\/\/gimnasticdetarragona.cat\/es\/wp-json\/wp\/v2\/pages\/1809","targetHints":{"allow":["GET"]}}],"collection":[{"href":"https:\/\/gimnasticdetarragona.cat\/es\/wp-json\/wp\/v2\/pages"}],"about":[{"href":"https:\/\/gimnasticdetarragona.cat\/es\/wp-json\/wp\/v2\/types\/page"}],"author":[{"embeddable":true,"href":"https:\/\/gimnasticdetarragona.cat\/es\/wp-json\/wp\/v2\/users\/6"}],"replies":[{"embeddable":true,"href":"https:\/\/gimnasticdetarragona.cat\/es\/wp-json\/wp\/v2\/comments?post=1809"}],"version-history":[{"count":0,"href":"https:\/\/gimnasticdetarragona.cat\/es\/wp-json\/wp\/v2\/pages\/1809\/revisions"}],"wp:attachment":[{"href":"https:\/\/gimnasticdetarragona.cat\/es\/wp-json\/wp\/v2\/media?parent=1809"}],"curies":[{"name":"wp","href":"https:\/\/api.w.org\/{rel}","templated":true}]}}